{"id":613,"date":"2024-03-03T18:40:29","date_gmt":"2024-03-03T21:40:29","guid":{"rendered":"https:\/\/scv3.com.ar\/?page_id=613"},"modified":"2024-03-03T18:49:53","modified_gmt":"2024-03-03T21:49:53","slug":"consultoria","status":"publish","type":"page","link":"https:\/\/scv3.com.ar\/?page_id=613","title":{"rendered":"Consultoria"},"content":{"rendered":"\t\t<div data-elementor-type=\"wp-page\" data-elementor-id=\"613\" class=\"elementor elementor-613\" data-elementor-post-type=\"page\">\n\t\t\t\t\t\t\t\t\t<section class=\"elementor-section elementor-top-section elementor-element elementor-element-49b49c8c elementor-section-height-min-height elementor-section-items-top elementor-section-boxed elementor-section-height-default\" data-id=\"49b49c8c\" data-element_type=\"section\" data-settings=\"{&quot;background_background&quot;:&quot;classic&quot;}\">\n\t\t\t\t\t\t<div class=\"elementor-container elementor-column-gap-no\">\n\t\t\t\t\t<div class=\"elementor-column elementor-col-50 elementor-top-column elementor-element elementor-element-77b52323\" data-id=\"77b52323\" data-element_type=\"column\">\n\t\t\t<div class=\"elementor-widget-wrap elementor-element-populated\">\n\t\t\t\t\t\t\t\t<div class=\"elementor-element elementor-element-265b595a elementor-invisible elementor-widget elementor-widget-heading\" data-id=\"265b595a\" data-element_type=\"widget\" data-settings=\"{&quot;_animation&quot;:&quot;fadeInDown&quot;}\" data-widget_type=\"heading.default\">\n\t\t\t\t<div class=\"elementor-widget-container\">\n\t\t\t<style>\/*! elementor - v3.18.0 - 20-12-2023 *\/\n.elementor-heading-title{padding:0;margin:0;line-height:1}.elementor-widget-heading .elementor-heading-title[class*=elementor-size-]>a{color:inherit;font-size:inherit;line-height:inherit}.elementor-widget-heading .elementor-heading-title.elementor-size-small{font-size:15px}.elementor-widget-heading .elementor-heading-title.elementor-size-medium{font-size:19px}.elementor-widget-heading .elementor-heading-title.elementor-size-large{font-size:29px}.elementor-widget-heading .elementor-heading-title.elementor-size-xl{font-size:39px}.elementor-widget-heading .elementor-heading-title.elementor-size-xxl{font-size:59px}<\/style><h2 class=\"elementor-heading-title elementor-size-default\">Consultoria<\/h2>\t\t<\/div>\n\t\t\t\t<\/div>\n\t\t\t\t<div class=\"elementor-element elementor-element-3748fcc1 elementor-invisible elementor-widget elementor-widget-text-editor\" data-id=\"3748fcc1\" data-element_type=\"widget\" data-settings=\"{&quot;_animation&quot;:&quot;fadeInLeft&quot;}\" data-widget_type=\"text-editor.default\">\n\t\t\t\t<div class=\"elementor-widget-container\">\n\t\t\t<style>\/*! elementor - v3.18.0 - 20-12-2023 *\/\n.elementor-widget-text-editor.elementor-drop-cap-view-stacked .elementor-drop-cap{background-color:#69727d;color:#fff}.elementor-widget-text-editor.elementor-drop-cap-view-framed .elementor-drop-cap{color:#69727d;border:3px solid;background-color:transparent}.elementor-widget-text-editor:not(.elementor-drop-cap-view-default) .elementor-drop-cap{margin-top:8px}.elementor-widget-text-editor:not(.elementor-drop-cap-view-default) .elementor-drop-cap-letter{width:1em;height:1em}.elementor-widget-text-editor .elementor-drop-cap{float:left;text-align:center;line-height:1;font-size:50px}.elementor-widget-text-editor .elementor-drop-cap-letter{display:inline-block}<\/style>\t\t\t\t<p>Ofrecemos servicios de consultor\u00eda especializada, combinando experiencia s\u00f3lida y un enfoque estrat\u00e9gico para abordar tus desaf\u00edos y oportunidades en el \u00e1mbito de la arquitectura, restauraci\u00f3n y servicios industriales. Nuestra misi\u00f3n es proporcionar orientaci\u00f3n experta que permita tomar decisiones informadas y maximizar el \u00e9xito de tus proyectos.<\/p>\t\t\t\t\t\t<\/div>\n\t\t\t\t<\/div>\n\t\t\t\t<div class=\"elementor-element elementor-element-63eac699 elementor-widget elementor-widget-menu-anchor\" data-id=\"63eac699\" data-element_type=\"widget\" data-widget_type=\"menu-anchor.default\">\n\t\t\t\t<div class=\"elementor-widget-container\">\n\t\t\t<style>\/*! elementor - v3.18.0 - 20-12-2023 *\/\nbody.elementor-page .elementor-widget-menu-anchor{margin-bottom:0}<\/style>\t\t<div id=\"Consultoria\" class=\"elementor-menu-anchor\"><\/div>\n\t\t\t\t<\/div>\n\t\t\t\t<\/div>\n\t\t\t\t<div class=\"elementor-element elementor-element-369cb42b elementor-widget elementor-widget-image\" data-id=\"369cb42b\" data-element_type=\"widget\" data-widget_type=\"image.default\">\n\t\t\t\t<div class=\"elementor-widget-container\">\n\t\t\t<style>\/*! elementor - v3.18.0 - 20-12-2023 *\/\n.elementor-widget-image{text-align:center}.elementor-widget-image a{display:inline-block}.elementor-widget-image a img[src$=\".svg\"]{width:48px}.elementor-widget-image img{vertical-align:middle;display:inline-block}<\/style>\t\t\t\t\t\t\t\t\t\t\t\t<img fetchpriority=\"high\" decoding=\"async\" width=\"640\" height=\"832\" src=\"https:\/\/scv3.com.ar\/wp-content\/uploads\/2024\/01\/Leonardo_Diffusion_XL_In_the_image_you_can_see_a_sculpture_dam_0.jpg\" class=\"attachment-large size-large wp-image-81\" alt=\"\" \/>\t\t\t\t\t\t\t\t\t\t\t\t\t\t\t<\/div>\n\t\t\t\t<\/div>\n\t\t\t\t\t<\/div>\n\t\t<\/div>\n\t\t\t\t<div class=\"elementor-column elementor-col-50 elementor-top-column elementor-element elementor-element-10523a69\" data-id=\"10523a69\" data-element_type=\"column\">\n\t\t\t<div class=\"elementor-widget-wrap elementor-element-populated\">\n\t\t\t\t\t\t\t\t<div class=\"elementor-element elementor-element-4201410 elementor-invisible elementor-widget elementor-widget-heading\" data-id=\"4201410\" data-element_type=\"widget\" data-settings=\"{&quot;_animation&quot;:&quot;fadeInRight&quot;}\" data-widget_type=\"heading.default\">\n\t\t\t\t<div class=\"elementor-widget-container\">\n\t\t\t<h2 class=\"elementor-heading-title elementor-size-default\">Servicios de Consultor\u00eda Integral:<\/h2>\t\t<\/div>\n\t\t\t\t<\/div>\n\t\t\t\t<div class=\"elementor-element elementor-element-4fbfc75 elementor-invisible elementor-widget elementor-widget-text-editor\" data-id=\"4fbfc75\" data-element_type=\"widget\" data-settings=\"{&quot;_animation&quot;:&quot;fadeInRight&quot;}\" data-widget_type=\"text-editor.default\">\n\t\t\t\t<div class=\"elementor-widget-container\">\n\t\t\t\t\t\t\t<p><strong>An\u00e1lisis y Estrategia:<\/strong><\/p><p>Realizamos un an\u00e1lisis exhaustivo de tus necesidades y aspiraciones, desarrollando estrategias personalizadas que alinean tus objetivos con las mejores pr\u00e1cticas del sector.<\/p><p><strong>Gesti\u00f3n de Proyectos:<\/strong><\/p><p>Brindamos asesoramiento en la planificaci\u00f3n y ejecuci\u00f3n de proyectos, asegurando una gesti\u00f3n eficiente del tiempo, los recursos y el presupuesto.<\/p><p><strong>Optimizaci\u00f3n de Operaciones:<\/strong><\/p><p>Evaluamos y mejoramos la eficiencia operativa en servicios industriales, proporcionando soluciones que maximizan la productividad y minimizan los costos.<\/p><p><strong>Conservaci\u00f3n y Restauraci\u00f3n:<\/strong><\/p><p>Ofrecemos orientaci\u00f3n en la conservaci\u00f3n y restauraci\u00f3n de monumentos y edificios hist\u00f3ricos, garantizando la autenticidad y la sostenibilidad de las intervenciones.<\/p><p><strong>Desarrollo Sostenible:<\/strong><\/p><p>Incorporamos pr\u00e1cticas de desarrollo sostenible en cada consulta, promoviendo soluciones que respetan el entorno y contribuyen al bienestar social y ambiental.<\/p>\t\t\t\t\t\t<\/div>\n\t\t\t\t<\/div>\n\t\t\t\t\t<\/div>\n\t\t<\/div>\n\t\t\t\t\t\t\t<\/div>\n\t\t<\/section>\n\t\t\t\t\t\t\t<\/div>\n\t\t","protected":false},"excerpt":{"rendered":"<p>Consultoria Ofrecemos servicios de consultor\u00eda especializada, combinando experiencia s\u00f3lida y un enfoque estrat\u00e9gico para abordar tus desaf\u00edos y oportunidades en el \u00e1mbito de la arquitectura, restauraci\u00f3n y servicios industriales. Nuestra misi\u00f3n es proporcionar orientaci\u00f3n experta que permita tomar decisiones informadas y maximizar el \u00e9xito de tus proyectos. Servicios de Consultor\u00eda Integral: An\u00e1lisis y Estrategia: Realizamos [&hellip;]<\/p>\n","protected":false},"author":1,"featured_media":0,"parent":0,"menu_order":0,"comment_status":"closed","ping_status":"closed","template":"elementor_header_footer","meta":{"om_disable_all_campaigns":false,"_monsterinsights_skip_tracking":false,"_monsterinsights_sitenote_active":false,"_monsterinsights_sitenote_note":"","_monsterinsights_sitenote_category":0,"footnotes":""},"aioseo_notices":[],"_links":{"self":[{"href":"https:\/\/scv3.com.ar\/index.php?rest_route=\/wp\/v2\/pages\/613"}],"collection":[{"href":"https:\/\/scv3.com.ar\/index.php?rest_route=\/wp\/v2\/pages"}],"about":[{"href":"https:\/\/scv3.com.ar\/index.php?rest_route=\/wp\/v2\/types\/page"}],"author":[{"embeddable":true,"href":"https:\/\/scv3.com.ar\/index.php?rest_route=\/wp\/v2\/users\/1"}],"replies":[{"embeddable":true,"href":"https:\/\/scv3.com.ar\/index.php?rest_route=%2Fwp%2Fv2%2Fcomments&post=613"}],"version-history":[{"count":4,"href":"https:\/\/scv3.com.ar\/index.php?rest_route=\/wp\/v2\/pages\/613\/revisions"}],"predecessor-version":[{"id":667,"href":"https:\/\/scv3.com.ar\/index.php?rest_route=\/wp\/v2\/pages\/613\/revisions\/667"}],"wp:attachment":[{"href":"https:\/\/scv3.com.ar\/index.php?rest_route=%2Fwp%2Fv2%2Fmedia&parent=613"}],"curies":[{"name":"wp","href":"https:\/\/api.w.org\/{rel}","templated":true}]}}